{"id":576,"date":"2025-03-23T18:40:29","date_gmt":"2025-03-23T18:40:29","guid":{"rendered":"https:\/\/yourlawyerbrian.com\/legislacion-de-transporte-por-carretera\/"},"modified":"2025-09-02T22:37:33","modified_gmt":"2025-09-02T22:37:33","slug":"legislacion-de-transporte-por-carretera","status":"publish","type":"page","link":"https:\/\/yourlawyerbrian.com\/es\/legislacion-de-transporte-por-carretera\/","title":{"rendered":"Legislaci\u00f3n de transporte por carretera"},"content":{"rendered":"\t\t<div data-elementor-type=\"wp-page\" data-elementor-id=\"576\" class=\"elementor elementor-576 elementor-302\" data-elementor-post-type=\"page\">\n\t\t\t\t<div class=\"elementor-element elementor-element-78e52c81 e-con-full e-flex e-con e-parent\" data-id=\"78e52c81\" data-element_type=\"container\" data-settings=\"{&quot;background_background&quot;:&quot;classic&quot;}\">\n\t\t<div class=\"elementor-element elementor-element-430d89da e-flex e-con-boxed e-con e-child\" data-id=\"430d89da\" data-element_type=\"container\">\n\t\t\t\t\t<div class=\"e-con-inner\">\n\t\t\t\t<div class=\"elementor-element elementor-element-6c554fb1 elementor-widget elementor-widget-heading\" data-id=\"6c554fb1\" data-element_type=\"widget\" data-widget_type=\"heading.default\">\n\t\t\t\t<div class=\"elementor-widget-container\">\n\t\t\t\t\t<h2 class=\"elementor-heading-title elementor-size-default\">Legislaci\u00f3n de transporte por carretera<\/h2>\t\t\t\t<\/div>\n\t\t\t\t<\/div>\n\t\t\t\t\t<\/div>\n\t\t\t\t<\/div>\n\t\t<div class=\"elementor-element elementor-element-5b851705 e-con-full e-flex e-con e-child\" data-id=\"5b851705\" data-element_type=\"container\">\n\t\t\t\t<div class=\"elementor-element elementor-element-575bb03a elementor-icon-list--layout-inline elementor-align-center elementor-list-item-link-full_width elementor-widget elementor-widget-icon-list\" data-id=\"575bb03a\" data-element_type=\"widget\" data-widget_type=\"icon-list.default\">\n\t\t\t\t<div class=\"elementor-widget-container\">\n\t\t\t\t\t\t\t<ul class=\"elementor-icon-list-items elementor-inline-items\">\n\t\t\t\t\t\t\t<li class=\"elementor-icon-list-item elementor-inline-item\">\n\t\t\t\t\t\t\t\t\t\t\t<a href=\"#\">\n\n\t\t\t\t\t\t\t\t\t\t\t<span class=\"elementor-icon-list-text\">Inicio<\/span>\n\t\t\t\t\t\t\t\t\t\t\t<\/a>\n\t\t\t\t\t\t\t\t\t<\/li>\n\t\t\t\t\t\t\t\t<li class=\"elementor-icon-list-item elementor-inline-item\">\n\t\t\t\t\t\t\t\t\t\t\t<span class=\"elementor-icon-list-icon\">\n\t\t\t\t\t\t\t<i aria-hidden=\"true\" class=\"jki jki-right-arrow-7\"><\/i>\t\t\t\t\t\t<\/span>\n\t\t\t\t\t\t\t\t\t\t<span class=\"elementor-icon-list-text\"><\/span>\n\t\t\t\t\t\t\t\t\t<\/li>\n\t\t\t\t\t\t\t\t<li class=\"elementor-icon-list-item elementor-inline-item\">\n\t\t\t\t\t\t\t\t\t\t\t<a href=\"#\">\n\n\t\t\t\t\t\t\t\t\t\t\t<span class=\"elementor-icon-list-text\"><\/span>\n\t\t\t\t\t\t\t\t\t\t\t<\/a>\n\t\t\t\t\t\t\t\t\t<\/li>\n\t\t\t\t\t\t<\/ul>\n\t\t\t\t\t\t<\/div>\n\t\t\t\t<\/div>\n\t\t\t\t<\/div>\n\t\t\t\t<\/div>\n\t\t<div class=\"elementor-element elementor-element-1c300343 e-flex e-con-boxed e-con e-parent\" data-id=\"1c300343\" data-element_type=\"container\" data-settings=\"{&quot;background_background&quot;:&quot;classic&quot;}\">\n\t\t\t\t\t<div class=\"e-con-inner\">\n\t\t<div class=\"elementor-element elementor-element-22f6e079 e-con-full e-flex e-con e-child\" data-id=\"22f6e079\" data-element_type=\"container\">\n\t\t\t\t<div class=\"elementor-element elementor-element-74e83a36 elementor-widget elementor-widget-jkit_heading\" data-id=\"74e83a36\" data-element_type=\"widget\" data-widget_type=\"jkit_heading.default\">\n\t\t\t\t<div class=\"elementor-widget-container\">\n\t\t\t\t\t<div  class=\"jeg-elementor-kit jkit-heading  align- align-tablet- align-mobile- jeg_module___69f319080a7a3\" ><div class=\"heading-section-title border-enable start display-inline-block\"><h2 class=\"heading-title\">Trucking<\/h2><\/div><\/div>\t\t\t\t<\/div>\n\t\t\t\t<\/div>\n\t\t\t\t<div class=\"elementor-element elementor-element-54bfe5a elementor-widget__width-initial elementor-widget elementor-widget-heading\" data-id=\"54bfe5a\" data-element_type=\"widget\" data-widget_type=\"heading.default\">\n\t\t\t\t<div class=\"elementor-widget-container\">\n\t\t\t\t\t<h2 class=\"elementor-heading-title elementor-size-default\">Legislaci\u00f3n de transporte por carretera y aduanas<\/h2>\t\t\t\t<\/div>\n\t\t\t\t<\/div>\n\t\t\t\t<div class=\"elementor-element elementor-element-3a3a470 elementor-widget__width-initial elementor-widget elementor-widget-text-editor\" data-id=\"3a3a470\" data-element_type=\"widget\" data-widget_type=\"text-editor.default\">\n\t\t\t\t<div class=\"elementor-widget-container\">\n\t\t\t\t\t\t\t\t\t<p><span style=\"text-align: var(--text-align); color: #5d5d5d; font-family: var( --e-global-typography-text-font-family ), Sans-serif; font-size: var( --e-global-typography-text-font-size ); letter-spacing: var( --e-global-typography-text-letter-spacing ); text-transform: var( --e-global-typography-text-text-transform );\">El abogado Brian R. Rodriguez proporciona servicios legales integrales a empresas de transporte por carretera, operadores independientes y empresas de log\u00edstica que operan en el complejo panorama de las leyes aduaneras y de transporte.<\/span><\/p>\t\t\t\t\t\t\t\t<\/div>\n\t\t\t\t<\/div>\n\t\t\t\t<div class=\"elementor-element elementor-element-31223d8 elementor-widget__width-initial elementor-widget elementor-widget-text-editor\" data-id=\"31223d8\" data-element_type=\"widget\" data-widget_type=\"text-editor.default\">\n\t\t\t\t<div class=\"elementor-widget-container\">\n\t\t\t\t\t\t\t\t\t<h4><b>\u00c1reas de especializaci\u00f3n:<\/b><\/h4><ul><li style=\"font-weight: 400;\" aria-level=\"1\"><b>Cumplimiento aduanero<\/b><span style=\"font-weight: 400;\"> \u2013 Garantizar que las empresas de transporte por carretera cumplan con las leyes de importaci\u00f3n\/exportaci\u00f3n de EE. UU.<\/span><\/li><li style=\"font-weight: 400;\" aria-level=\"1\"><b>Problemas de transporte transfronterizo<\/b><span style=\"font-weight: 400;\"> \u2013 Gesti\u00f3n de disputas legales relacionadas con el transporte internacional.<\/span><\/li><li style=\"font-weight: 400;\" aria-level=\"1\"><b>Infracciones reglamentarias<\/b><span style=\"font-weight: 400;\"> \u2013 Defensa contra infracciones del DOT, FMCSA y aduaneras.<\/span><\/li><li style=\"font-weight: 400;\" aria-level=\"1\"><b>Disputas y embargos de carga<\/b><span style=\"font-weight: 400;\"> \u2013 Representaci\u00f3n en casos relacionados con env\u00edos retrasados, perdidos o embargados.<\/span><\/li><li><b>Licencias y permisos<\/b><span style=\"font-weight: 400;\"> \u2013 Asistencia para obtener las licencias y los permisos necesarios para las operaciones de transporte por carretera.<\/span><\/li><\/ul>\t\t\t\t\t\t\t\t<\/div>\n\t\t\t\t<\/div>\n\t\t\t\t<\/div>\n\t\t\t\t\t<\/div>\n\t\t\t\t<\/div>\n\t\t\t\t<\/div>\n\t\t","protected":false},"excerpt":{"rendered":"<p>Legislaci\u00f3n de transporte por carretera Inicio Trucking Legislaci\u00f3n de transporte por carretera y aduanas El abogado Brian R. Rodriguez proporciona servicios legales integrales a empresas de transporte por carretera, operadores independientes y empresas de log\u00edstica que operan en el complejo panorama de las leyes aduaneras y de transporte. \u00c1reas de especializaci\u00f3n: Cumplimiento aduanero \u2013 Garantizar [&hellip;]<\/p>\n","protected":false},"author":1,"featured_media":0,"parent":0,"menu_order":0,"comment_status":"closed","ping_status":"closed","template":"elementor_header_footer","meta":{"iawp_total_views":0,"footnotes":""},"class_list":["post-576","page","type-page","status-publish","hentry"],"yoast_head":"<!-- This site is optimized with the Yoast SEO plugin v27.3 - https:\/\/yoast.com\/product\/yoast-seo-wordpress\/ -->\n<title>Legislaci\u00f3n de transporte por carretera - Your Lawyer Brian Rodriguez<\/title>\n<meta name=\"robots\" content=\"index, follow, max-snippet:-1, max-image-preview:large, max-video-preview:-1\" \/>\n<link rel=\"canonical\" href=\"https:\/\/yourlawyerbrian.com\/es\/legislacion-de-transporte-por-carretera\/\" \/>\n<meta property=\"og:locale\" content=\"es_ES\" \/>\n<meta property=\"og:type\" content=\"article\" \/>\n<meta property=\"og:title\" content=\"Legislaci\u00f3n de transporte por carretera - Your Lawyer Brian Rodriguez\" \/>\n<meta property=\"og:description\" content=\"Legislaci\u00f3n de transporte por carretera Inicio Trucking Legislaci\u00f3n de transporte por carretera y aduanas El abogado Brian R. Rodriguez proporciona servicios legales integrales a empresas de transporte por carretera, operadores independientes y empresas de log\u00edstica que operan en el complejo panorama de las leyes aduaneras y de transporte. \u00c1reas de especializaci\u00f3n: Cumplimiento aduanero \u2013 Garantizar [&hellip;]\" \/>\n<meta property=\"og:url\" content=\"https:\/\/yourlawyerbrian.com\/es\/legislacion-de-transporte-por-carretera\/\" \/>\n<meta property=\"og:site_name\" content=\"Your Lawyer Brian Rodriguez\" \/>\n<meta property=\"article:publisher\" content=\"https:\/\/www.facebook.com\/yourlawyerbrian\" \/>\n<meta property=\"article:modified_time\" content=\"2025-09-02T22:37:33+00:00\" \/>\n<meta name=\"twitter:card\" content=\"summary_large_image\" \/>\n<meta name=\"twitter:label1\" content=\"Tiempo de lectura\" \/>\n\t<meta name=\"twitter:data1\" content=\"1 minuto\" \/>\n<script type=\"application\/ld+json\" class=\"yoast-schema-graph\">{\"@context\":\"https:\\\/\\\/schema.org\",\"@graph\":[{\"@type\":\"WebPage\",\"@id\":\"https:\\\/\\\/yourlawyerbrian.com\\\/es\\\/legislacion-de-transporte-por-carretera\\\/\",\"url\":\"https:\\\/\\\/yourlawyerbrian.com\\\/es\\\/legislacion-de-transporte-por-carretera\\\/\",\"name\":\"Legislaci\u00f3n de transporte por carretera - Your Lawyer Brian Rodriguez\",\"isPartOf\":{\"@id\":\"https:\\\/\\\/yourlawyerbrian.com\\\/#website\"},\"datePublished\":\"2025-03-23T18:40:29+00:00\",\"dateModified\":\"2025-09-02T22:37:33+00:00\",\"breadcrumb\":{\"@id\":\"https:\\\/\\\/yourlawyerbrian.com\\\/es\\\/legislacion-de-transporte-por-carretera\\\/#breadcrumb\"},\"inLanguage\":\"es\",\"potentialAction\":[{\"@type\":\"ReadAction\",\"target\":[\"https:\\\/\\\/yourlawyerbrian.com\\\/es\\\/legislacion-de-transporte-por-carretera\\\/\"]}]},{\"@type\":\"BreadcrumbList\",\"@id\":\"https:\\\/\\\/yourlawyerbrian.com\\\/es\\\/legislacion-de-transporte-por-carretera\\\/#breadcrumb\",\"itemListElement\":[{\"@type\":\"ListItem\",\"position\":1,\"name\":\"Home\",\"item\":\"https:\\\/\\\/yourlawyerbrian.com\\\/es\\\/inicio\\\/\"},{\"@type\":\"ListItem\",\"position\":2,\"name\":\"Legislaci\u00f3n de transporte por carretera\"}]},{\"@type\":\"WebSite\",\"@id\":\"https:\\\/\\\/yourlawyerbrian.com\\\/#website\",\"url\":\"https:\\\/\\\/yourlawyerbrian.com\\\/\",\"name\":\"Your Lawyer Brian Rodriguez\",\"description\":\"Criminal Defense and Trucking Litigation Law\",\"potentialAction\":[{\"@type\":\"SearchAction\",\"target\":{\"@type\":\"EntryPoint\",\"urlTemplate\":\"https:\\\/\\\/yourlawyerbrian.com\\\/?s={search_term_string}\"},\"query-input\":{\"@type\":\"PropertyValueSpecification\",\"valueRequired\":true,\"valueName\":\"search_term_string\"}}],\"inLanguage\":\"es\"}]}<\/script>\n<!-- \/ Yoast SEO plugin. -->","yoast_head_json":{"title":"Legislaci\u00f3n de transporte por carretera - Your Lawyer Brian Rodriguez","robots":{"index":"index","follow":"follow","max-snippet":"max-snippet:-1","max-image-preview":"max-image-preview:large","max-video-preview":"max-video-preview:-1"},"canonical":"https:\/\/yourlawyerbrian.com\/es\/legislacion-de-transporte-por-carretera\/","og_locale":"es_ES","og_type":"article","og_title":"Legislaci\u00f3n de transporte por carretera - Your Lawyer Brian Rodriguez","og_description":"Legislaci\u00f3n de transporte por carretera Inicio Trucking Legislaci\u00f3n de transporte por carretera y aduanas El abogado Brian R. Rodriguez proporciona servicios legales integrales a empresas de transporte por carretera, operadores independientes y empresas de log\u00edstica que operan en el complejo panorama de las leyes aduaneras y de transporte. \u00c1reas de especializaci\u00f3n: Cumplimiento aduanero \u2013 Garantizar [&hellip;]","og_url":"https:\/\/yourlawyerbrian.com\/es\/legislacion-de-transporte-por-carretera\/","og_site_name":"Your Lawyer Brian Rodriguez","article_publisher":"https:\/\/www.facebook.com\/yourlawyerbrian","article_modified_time":"2025-09-02T22:37:33+00:00","twitter_card":"summary_large_image","twitter_misc":{"Tiempo de lectura":"1 minuto"},"schema":{"@context":"https:\/\/schema.org","@graph":[{"@type":"WebPage","@id":"https:\/\/yourlawyerbrian.com\/es\/legislacion-de-transporte-por-carretera\/","url":"https:\/\/yourlawyerbrian.com\/es\/legislacion-de-transporte-por-carretera\/","name":"Legislaci\u00f3n de transporte por carretera - Your Lawyer Brian Rodriguez","isPartOf":{"@id":"https:\/\/yourlawyerbrian.com\/#website"},"datePublished":"2025-03-23T18:40:29+00:00","dateModified":"2025-09-02T22:37:33+00:00","breadcrumb":{"@id":"https:\/\/yourlawyerbrian.com\/es\/legislacion-de-transporte-por-carretera\/#breadcrumb"},"inLanguage":"es","potentialAction":[{"@type":"ReadAction","target":["https:\/\/yourlawyerbrian.com\/es\/legislacion-de-transporte-por-carretera\/"]}]},{"@type":"BreadcrumbList","@id":"https:\/\/yourlawyerbrian.com\/es\/legislacion-de-transporte-por-carretera\/#breadcrumb","itemListElement":[{"@type":"ListItem","position":1,"name":"Home","item":"https:\/\/yourlawyerbrian.com\/es\/inicio\/"},{"@type":"ListItem","position":2,"name":"Legislaci\u00f3n de transporte por carretera"}]},{"@type":"WebSite","@id":"https:\/\/yourlawyerbrian.com\/#website","url":"https:\/\/yourlawyerbrian.com\/","name":"Your Lawyer Brian Rodriguez","description":"Criminal Defense and Trucking Litigation Law","potentialAction":[{"@type":"SearchAction","target":{"@type":"EntryPoint","urlTemplate":"https:\/\/yourlawyerbrian.com\/?s={search_term_string}"},"query-input":{"@type":"PropertyValueSpecification","valueRequired":true,"valueName":"search_term_string"}}],"inLanguage":"es"}]}},"_links":{"self":[{"href":"https:\/\/yourlawyerbrian.com\/es\/wp-json\/wp\/v2\/pages\/576","targetHints":{"allow":["GET"]}}],"collection":[{"href":"https:\/\/yourlawyerbrian.com\/es\/wp-json\/wp\/v2\/pages"}],"about":[{"href":"https:\/\/yourlawyerbrian.com\/es\/wp-json\/wp\/v2\/types\/page"}],"author":[{"embeddable":true,"href":"https:\/\/yourlawyerbrian.com\/es\/wp-json\/wp\/v2\/users\/1"}],"replies":[{"embeddable":true,"href":"https:\/\/yourlawyerbrian.com\/es\/wp-json\/wp\/v2\/comments?post=576"}],"version-history":[{"count":3,"href":"https:\/\/yourlawyerbrian.com\/es\/wp-json\/wp\/v2\/pages\/576\/revisions"}],"predecessor-version":[{"id":714,"href":"https:\/\/yourlawyerbrian.com\/es\/wp-json\/wp\/v2\/pages\/576\/revisions\/714"}],"wp:attachment":[{"href":"https:\/\/yourlawyerbrian.com\/es\/wp-json\/wp\/v2\/media?parent=576"}],"curies":[{"name":"wp","href":"https:\/\/api.w.org\/{rel}","templated":true}]}}