{"id":689,"date":"2025-03-09T18:00:47","date_gmt":"2025-03-09T18:00:47","guid":{"rendered":"https:\/\/yourlawyerbrian.com\/acerca-de\/"},"modified":"2025-09-05T21:04:42","modified_gmt":"2025-09-05T21:04:42","slug":"acerca-de","status":"publish","type":"page","link":"https:\/\/yourlawyerbrian.com\/es\/acerca-de\/","title":{"rendered":"Acerca de"},"content":{"rendered":"\t\t<div data-elementor-type=\"wp-page\" data-elementor-id=\"689\" class=\"elementor elementor-689 elementor-250\" data-elementor-post-type=\"page\">\n\t\t\t\t<div class=\"elementor-element elementor-element-7a529f50 e-con-full e-flex e-con e-parent\" data-id=\"7a529f50\" data-element_type=\"container\" data-settings=\"{&quot;background_background&quot;:&quot;classic&quot;}\">\n\t\t<div class=\"elementor-element elementor-element-7cf38ffb e-flex e-con-boxed e-con e-child\" data-id=\"7cf38ffb\" data-element_type=\"container\">\n\t\t\t\t\t<div class=\"e-con-inner\">\n\t\t\t\t<div class=\"elementor-element elementor-element-5ed34662 elementor-widget elementor-widget-heading\" data-id=\"5ed34662\" data-element_type=\"widget\" data-widget_type=\"heading.default\">\n\t\t\t\t<div class=\"elementor-widget-container\">\n\t\t\t\t\t<h2 class=\"elementor-heading-title elementor-size-default\">Acerca de nosotros<\/h2>\t\t\t\t<\/div>\n\t\t\t\t<\/div>\n\t\t\t\t\t<\/div>\n\t\t\t\t<\/div>\n\t\t<div class=\"elementor-element elementor-element-74f748d8 e-con-full e-flex e-con e-child\" data-id=\"74f748d8\" data-element_type=\"container\">\n\t\t\t\t<div class=\"elementor-element elementor-element-203df8a2 elementor-icon-list--layout-inline elementor-align-center elementor-list-item-link-full_width elementor-widget elementor-widget-icon-list\" data-id=\"203df8a2\" data-element_type=\"widget\" data-widget_type=\"icon-list.default\">\n\t\t\t\t<div class=\"elementor-widget-container\">\n\t\t\t\t\t\t\t<ul class=\"elementor-icon-list-items elementor-inline-items\">\n\t\t\t\t\t\t\t<li class=\"elementor-icon-list-item elementor-inline-item\">\n\t\t\t\t\t\t\t\t\t\t\t<a href=\"#\">\n\n\t\t\t\t\t\t\t\t\t\t\t<span class=\"elementor-icon-list-text\">Inicio<\/span>\n\t\t\t\t\t\t\t\t\t\t\t<\/a>\n\t\t\t\t\t\t\t\t\t<\/li>\n\t\t\t\t\t\t\t\t<li class=\"elementor-icon-list-item elementor-inline-item\">\n\t\t\t\t\t\t\t\t\t\t\t<span class=\"elementor-icon-list-icon\">\n\t\t\t\t\t\t\t<i aria-hidden=\"true\" class=\"jki jki-right-arrow-7\"><\/i>\t\t\t\t\t\t<\/span>\n\t\t\t\t\t\t\t\t\t\t<span class=\"elementor-icon-list-text\"><\/span>\n\t\t\t\t\t\t\t\t\t<\/li>\n\t\t\t\t\t\t\t\t<li class=\"elementor-icon-list-item elementor-inline-item\">\n\t\t\t\t\t\t\t\t\t\t\t<a href=\"#\">\n\n\t\t\t\t\t\t\t\t\t\t\t<span class=\"elementor-icon-list-text\"><\/span>\n\t\t\t\t\t\t\t\t\t\t\t<\/a>\n\t\t\t\t\t\t\t\t\t<\/li>\n\t\t\t\t\t\t<\/ul>\n\t\t\t\t\t\t<\/div>\n\t\t\t\t<\/div>\n\t\t\t\t<\/div>\n\t\t\t\t<\/div>\n\t\t<div class=\"elementor-element elementor-element-8e5fb74 e-flex e-con-boxed e-con e-parent\" data-id=\"8e5fb74\" data-element_type=\"container\" data-settings=\"{&quot;background_background&quot;:&quot;classic&quot;}\">\n\t\t\t\t\t<div class=\"e-con-inner\">\n\t\t<div class=\"elementor-element elementor-element-653d9f45 e-con-full e-flex e-con e-child\" data-id=\"653d9f45\" data-element_type=\"container\">\n\t\t\t\t<div class=\"elementor-element elementor-element-1d810ef6 elementor-widget elementor-widget-jkit_heading\" data-id=\"1d810ef6\" data-element_type=\"widget\" data-widget_type=\"jkit_heading.default\">\n\t\t\t\t<div class=\"elementor-widget-container\">\n\t\t\t\t\t<div  class=\"jeg-elementor-kit jkit-heading  align- align-tablet- align-mobile- jeg_module___69f319081a0c1\" ><div class=\"heading-section-title border-enable start display-inline-block\"><h2 class=\"heading-title\">Acerca de nosotros<\/h2><\/div><\/div>\t\t\t\t<\/div>\n\t\t\t\t<\/div>\n\t\t\t\t<div class=\"elementor-element elementor-element-7150fa9d elementor-widget__width-initial elementor-widget elementor-widget-heading\" data-id=\"7150fa9d\" data-element_type=\"widget\" data-widget_type=\"heading.default\">\n\t\t\t\t<div class=\"elementor-widget-container\">\n\t\t\t\t\t<h3 class=\"elementor-heading-title elementor-size-default\">Con experiencia. Dedicado. Orientado a los resultados.<\/h3>\t\t\t\t<\/div>\n\t\t\t\t<\/div>\n\t\t\t\t<\/div>\n\t\t<div class=\"elementor-element elementor-element-272cb130 e-con-full e-flex e-con e-child\" data-id=\"272cb130\" data-element_type=\"container\">\n\t\t\t\t<div class=\"elementor-element elementor-element-39947fd4 elementor-widget__width-initial elementor-widget elementor-widget-text-editor\" data-id=\"39947fd4\" data-element_type=\"widget\" data-widget_type=\"text-editor.default\">\n\t\t\t\t<div class=\"elementor-widget-container\">\n\t\t\t\t\t\t\t\t\t<p>Nacido y criado en El Paso, Texas, Brian R. Rodriguez est\u00e1 profundamente comprometido a servir a su comunidad como profesional independiente en derecho de defensa criminal. Orgulloso graduado de Montwood High School en El Paso, Brian continu\u00f3 su educaci\u00f3n en la Universidad de Texas en Austin, donde obtuvo su t\u00edtulo antes de asistir a la Facultad de Derecho Thurgood Marshall. <\/p><p>Las experiencias personales y profesionales de Brian le han brindado una comprensi\u00f3n \u00fanica de los desaf\u00edos que enfrenta su comunidad, especialmente cuando se trata de asuntos penales. Como padre, valora la importancia de la familia y la justicia, y trabaja diligentemente para garantizar que sus clientes reciban la representaci\u00f3n justa y compasiva que merecen. <\/p><p>Habiendo crecido en El Paso, a Brian le apasiona retribuir a la comunidad que lo form\u00f3. Aporta un fuerte compromiso para proteger los derechos de sus clientes mientras navega por las complejidades del sistema de justicia penal. Brian se enorgullece de servir a su ciudad natal y brindar asesoramiento legal de primer nivel a quienes m\u00e1s lo necesitan.  <\/p>\t\t\t\t\t\t\t\t<\/div>\n\t\t\t\t<\/div>\n\t\t\t\t<\/div>\n\t\t<div class=\"elementor-element elementor-element-19de147d e-con-full e-flex e-con e-child\" data-id=\"19de147d\" data-element_type=\"container\">\n\t\t\t\t<div class=\"elementor-element elementor-element-2a4c07ad e-transform elementor-widget-divider--view-line elementor-widget elementor-widget-divider\" data-id=\"2a4c07ad\" data-element_type=\"widget\" data-settings=\"{&quot;_transform_rotateZ_effect&quot;:{&quot;unit&quot;:&quot;px&quot;,&quot;size&quot;:-90,&quot;sizes&quot;:[]},&quot;_transform_rotateZ_effect_laptop&quot;:{&quot;unit&quot;:&quot;deg&quot;,&quot;size&quot;:&quot;&quot;,&quot;sizes&quot;:[]},&quot;_transform_rotateZ_effect_tablet&quot;:{&quot;unit&quot;:&quot;deg&quot;,&quot;size&quot;:&quot;&quot;,&quot;sizes&quot;:[]},&quot;_transform_rotateZ_effect_mobile&quot;:{&quot;unit&quot;:&quot;deg&quot;,&quot;size&quot;:&quot;&quot;,&quot;sizes&quot;:[]}}\" data-widget_type=\"divider.default\">\n\t\t\t\t<div class=\"elementor-widget-container\">\n\t\t\t\t\t\t\t<div class=\"elementor-divider\">\n\t\t\t<span class=\"elementor-divider-separator\">\n\t\t\t\t\t\t<\/span>\n\t\t<\/div>\n\t\t\t\t\t\t<\/div>\n\t\t\t\t<\/div>\n\t\t\t\t<\/div>\n\t\t\t\t\t<\/div>\n\t\t\t\t<\/div>\n\t\t<div class=\"elementor-element elementor-element-2cc60a1a e-con-full e-flex e-con e-parent\" data-id=\"2cc60a1a\" data-element_type=\"container\" data-settings=\"{&quot;background_background&quot;:&quot;gradient&quot;}\">\n\t\t<div class=\"elementor-element elementor-element-52a3871 e-con-full e-flex e-con e-child\" data-id=\"52a3871\" data-element_type=\"container\" data-settings=\"{&quot;background_background&quot;:&quot;classic&quot;}\">\n\t\t<div class=\"elementor-element elementor-element-309ab1bf e-con-full e-flex e-con e-child\" data-id=\"309ab1bf\" data-element_type=\"container\">\n\t\t\t\t<div class=\"elementor-element elementor-element-1734bfb6 elementor-button-align-stretch elementor-widget elementor-widget-form\" data-id=\"1734bfb6\" data-element_type=\"widget\" data-settings=\"{&quot;step_next_label&quot;:&quot;Pr\\u00f3ximo&quot;,&quot;step_previous_label&quot;:&quot;Anterior&quot;,&quot;button_width&quot;:&quot;100&quot;,&quot;step_type&quot;:&quot;number_text&quot;,&quot;step_icon_shape&quot;:&quot;circle&quot;}\" data-widget_type=\"form.default\">\n\t\t\t\t<div class=\"elementor-widget-container\">\n\t\t\t\t\t\t\t<form class=\"elementor-form\" method=\"post\" name=\"  Formulario CTA\">\n\t\t\t<input type=\"hidden\" name=\"post_id\" value=\"689\"\/>\n\t\t\t<input type=\"hidden\" name=\"form_id\" value=\"1734bfb6\"\/>\n\t\t\t<input type=\"hidden\" name=\"referer_title\" value=\"Your Lawyer Brian Rodriguez\" \/>\n\n\t\t\t\n\t\t\t<div class=\"elementor-form-fields-wrapper elementor-labels-above\">\n\t\t\t\t\t\t\t\t<div class=\"elementor-field-type-text elementor-field-group elementor-column elementor-field-group-name elementor-col-50 elementor-field-required elementor-mark-required\">\n\t\t\t\t\t\t\t\t\t\t\t\t<label for=\"form-field-name\" class=\"elementor-field-label\">\n\t\t\t\t\t\t\t\tNombre\t\t\t\t\t\t\t<\/label>\n\t\t\t\t\t\t\t\t\t\t\t\t\t\t<input size=\"1\" type=\"text\" name=\"form_fields[name]\" id=\"form-field-name\" class=\"elementor-field elementor-size-md  elementor-field-textual\" required=\"required\">\n\t\t\t\t\t\t\t\t\t\t\t<\/div>\n\t\t\t\t\t\t\t\t<div class=\"elementor-field-type-text elementor-field-group elementor-column elementor-field-group-field_85b316e elementor-col-50 elementor-field-required elementor-mark-required\">\n\t\t\t\t\t\t\t\t\t\t\t\t<label for=\"form-field-field_85b316e\" class=\"elementor-field-label\">\n\t\t\t\t\t\t\t\tApellido\t\t\t\t\t\t\t<\/label>\n\t\t\t\t\t\t\t\t\t\t\t\t\t\t<input size=\"1\" type=\"text\" name=\"form_fields[field_85b316e]\" id=\"form-field-field_85b316e\" class=\"elementor-field elementor-size-md  elementor-field-textual\" required=\"required\">\n\t\t\t\t\t\t\t\t\t\t\t<\/div>\n\t\t\t\t\t\t\t\t<div class=\"elementor-field-type-text elementor-field-group elementor-column elementor-field-group-email elementor-col-100 elementor-field-required elementor-mark-required\">\n\t\t\t\t\t\t\t\t\t\t\t\t<label for=\"form-field-email\" class=\"elementor-field-label\">\n\t\t\t\t\t\t\t\tTu tel\u00e9fono\t\t\t\t\t\t\t<\/label>\n\t\t\t\t\t\t\t\t\t\t\t\t\t\t<input size=\"1\" type=\"text\" name=\"form_fields[email]\" id=\"form-field-email\" class=\"elementor-field elementor-size-md  elementor-field-textual\" required=\"required\">\n\t\t\t\t\t\t\t\t\t\t\t<\/div>\n\t\t\t\t\t\t\t\t<div class=\"elementor-field-type-email elementor-field-group elementor-column elementor-field-group-field_ec84282 elementor-col-100 elementor-field-required elementor-mark-required\">\n\t\t\t\t\t\t\t\t\t\t\t\t<label for=\"form-field-field_ec84282\" class=\"elementor-field-label\">\n\t\t\t\t\t\t\t\tTu correo electr\u00f3nico\t\t\t\t\t\t\t<\/label>\n\t\t\t\t\t\t\t\t\t\t\t\t\t\t<input size=\"1\" type=\"email\" name=\"form_fields[field_ec84282]\" id=\"form-field-field_ec84282\" class=\"elementor-field elementor-size-md  elementor-field-textual\" required=\"required\">\n\t\t\t\t\t\t\t\t\t\t\t<\/div>\n\t\t\t\t\t\t\t\t<div class=\"elementor-field-type-select elementor-field-group elementor-column elementor-field-group-field_d99ae20 elementor-col-50\">\n\t\t\t\t\t\t\t\t\t\t\t\t<label for=\"form-field-field_d99ae20\" class=\"elementor-field-label\">\n\t\t\t\t\t\t\t\t\u00c1reas de Pr\u00e1ctica\t\t\t\t\t\t\t<\/label>\n\t\t\t\t\t\t\t\t<div class=\"elementor-field elementor-select-wrapper remove-before \">\n\t\t\t<div class=\"select-caret-down-wrapper\">\n\t\t\t\t<svg aria-hidden=\"true\" class=\"e-font-icon-svg e-eicon-caret-down\" viewBox=\"0 0 571.4 571.4\" xmlns=\"http:\/\/www.w3.org\/2000\/svg\"><path d=\"M571 393Q571 407 561 418L311 668Q300 679 286 679T261 668L11 418Q0 407 0 393T11 368 36 357H536Q550 357 561 368T571 393Z\"><\/path><\/svg>\t\t\t<\/div>\n\t\t\t<select name=\"form_fields[field_d99ae20]\" id=\"form-field-field_d99ae20\" class=\"elementor-field-textual elementor-size-md\">\n\t\t\t\t\t\t\t\t\t<option value=\"Defensa\">Defensa<\/option>\n\t\t\t\t\t\t\t\t\t<option value=\"penal Derecho de los negocios Camiones\">penal Derecho de los negocios Camiones<\/option>\n\t\t\t\t\t\t\t\t\t<option value=\"\"><\/option>\n\t\t\t\t\t\t\t<\/select>\n\t\t<\/div>\n\t\t\t\t\t\t<\/div>\n\t\t\t\t\t\t\t\t<div class=\"elementor-field-type-date elementor-field-group elementor-column elementor-field-group-field_2456409 elementor-col-50\">\n\t\t\t\t\t\t\t\t\t\t\t\t<label for=\"form-field-field_2456409\" class=\"elementor-field-label\">\n\t\t\t\t\t\t\t\tFecha de reserva\t\t\t\t\t\t\t<\/label>\n\t\t\t\t\t\t\n\t\t<input type=\"date\" name=\"form_fields[field_2456409]\" id=\"form-field-field_2456409\" class=\"elementor-field elementor-size-md  elementor-field-textual elementor-date-field\" pattern=\"[0-9]{4}-[0-9]{2}-[0-9]{2}\">\n\t\t\t\t\t\t<\/div>\n\t\t\t\t\t\t\t\t<div class=\"elementor-field-type-textarea elementor-field-group elementor-column elementor-field-group-message elementor-col-100\">\n\t\t\t\t\t\t\t\t\t\t\t\t<label for=\"form-field-message\" class=\"elementor-field-label\">\n\t\t\t\t\t\t\t\tDescribe tu caso\t\t\t\t\t\t\t<\/label>\n\t\t\t\t\t\t<textarea class=\"elementor-field-textual elementor-field  elementor-size-md\" name=\"form_fields[message]\" id=\"form-field-message\" rows=\"4\"><\/textarea>\t\t\t\t<\/div>\n\t\t\t\t\t\t\t\t<div class=\"elementor-field-type-acceptance elementor-field-group elementor-column elementor-field-group-field_201297f elementor-col-100\">\n\t\t\t\t\t\t\t<div class=\"elementor-field-subgroup\">\n\t\t\t<span class=\"elementor-field-option\">\n\t\t\t\t<input type=\"checkbox\" name=\"form_fields[field_201297f]\" id=\"form-field-field_201297f\" class=\"elementor-field elementor-size-md  elementor-acceptance-field\">\n\t\t\t\t<label for=\"form-field-field_201297f\">Acepto proporcionar mi n\u00famero de tel\u00e9fono.<\/label>\t\t\t<\/span>\n\t\t<\/div>\n\t\t\t\t\t\t<\/div>\n\t\t\t\t\t\t\t\t<div class=\"elementor-field-group elementor-column elementor-field-type-submit elementor-col-100 e-form__buttons\">\n\t\t\t\t\t<button class=\"elementor-button elementor-size-sm\" type=\"submit\">\n\t\t\t\t\t\t<span class=\"elementor-button-content-wrapper\">\n\t\t\t\t\t\t\t\t\t\t\t\t\t\t\t\t\t\t\t\t\t\t<span class=\"elementor-button-text\">EMPECEMOS<\/span>\n\t\t\t\t\t\t\t\t\t\t\t\t\t<\/span>\n\t\t\t\t\t<\/button>\n\t\t\t\t<\/div>\n\t\t\t<\/div>\n\t\t<\/form>\n\t\t\t\t\t\t<\/div>\n\t\t\t\t<\/div>\n\t\t\t\t<\/div>\n\t\t<div class=\"elementor-element elementor-element-441c0023 e-con-full e-flex e-con e-child\" data-id=\"441c0023\" data-element_type=\"container\">\n\t\t\t\t<div class=\"elementor-element elementor-element-7488a68c elementor-widget elementor-widget-heading\" data-id=\"7488a68c\" data-element_type=\"widget\" data-widget_type=\"heading.default\">\n\t\t\t\t<div class=\"elementor-widget-container\">\n\t\t\t\t\t<h2 class=\"elementor-heading-title elementor-size-default\"><b>Empecemos.<\/b><\/h2>\t\t\t\t<\/div>\n\t\t\t\t<\/div>\n\t\t\t\t<div class=\"elementor-element elementor-element-5deaa148 elementor-widget__width-initial elementor-widget elementor-widget-text-editor\" data-id=\"5deaa148\" data-element_type=\"widget\" data-widget_type=\"text-editor.default\">\n\t\t\t\t<div class=\"elementor-widget-container\">\n\t\t\t\t\t\t\t\t\t<p>P\u00f3ngase en contacto hoy para una evaluaci\u00f3n de su caso.<\/p>\t\t\t\t\t\t\t\t<\/div>\n\t\t\t\t<\/div>\n\t\t<div class=\"elementor-element elementor-element-3d66c111 e-con-full e-flex e-con e-child\" data-id=\"3d66c111\" data-element_type=\"container\">\n\t\t<div class=\"elementor-element elementor-element-43f772b6 e-con-full e-flex e-con e-child\" data-id=\"43f772b6\" data-element_type=\"container\">\n\t\t\t\t<div class=\"elementor-element elementor-element-3d940d54 elementor-widget elementor-widget-heading\" data-id=\"3d940d54\" data-element_type=\"widget\" data-widget_type=\"heading.default\">\n\t\t\t\t<div class=\"elementor-widget-container\">\n\t\t\t\t\t<p class=\"elementor-heading-title elementor-size-default\">Ll\u00e1menos hoy al  <\/p>\t\t\t\t<\/div>\n\t\t\t\t<\/div>\n\t\t\t\t<div class=\"elementor-element elementor-element-59b8367b elementor-mobile-align-center elementor-button-info elementor-align-justify elementor-widget elementor-widget-button\" data-id=\"59b8367b\" data-element_type=\"widget\" data-widget_type=\"button.default\">\n\t\t\t\t<div class=\"elementor-widget-container\">\n\t\t\t\t\t\t\t\t\t<div class=\"elementor-button-wrapper\">\n\t\t\t\t\t<a class=\"elementor-button elementor-button-link elementor-size-sm elementor-animation-shrink\" href=\"#\">\n\t\t\t\t\t\t<span class=\"elementor-button-content-wrapper\">\n\t\t\t\t\t\t\t\t\t<span class=\"elementor-button-text\">+1 915 247 6455<\/span>\n\t\t\t\t\t<\/span>\n\t\t\t\t\t<\/a>\n\t\t\t\t<\/div>\n\t\t\t\t\t\t\t\t<\/div>\n\t\t\t\t<\/div>\n\t\t\t\t<\/div>\n\t\t\t\t<div class=\"elementor-element elementor-element-77c72a35 e-grid-align-left e-grid-align-mobile-center elementor-widget-tablet__width-initial elementor-shape-circle elementor-widget__width-initial elementor-grid-0 elementor-widget elementor-widget-social-icons\" data-id=\"77c72a35\" data-element_type=\"widget\" data-widget_type=\"social-icons.default\">\n\t\t\t\t<div class=\"elementor-widget-container\">\n\t\t\t\t\t\t\t<div class=\"elementor-social-icons-wrapper elementor-grid\">\n\t\t\t\t\t\t\t<span class=\"elementor-grid-item\">\n\t\t\t\t\t<a class=\"elementor-icon elementor-social-icon elementor-social-icon-facebook-f elementor-repeater-item-92fcc7c\" href=\"https:\/\/www.facebook.com\/yourlawyerbrian\" target=\"_blank\">\n\t\t\t\t\t\t<span class=\"elementor-screen-only\">Facebook-f<\/span>\n\t\t\t\t\t\t<svg class=\"e-font-icon-svg e-fab-facebook-f\" viewBox=\"0 0 320 512\" xmlns=\"http:\/\/www.w3.org\/2000\/svg\"><path d=\"M279.14 288l14.22-92.66h-88.91v-60.13c0-25.35 12.42-50.06 52.24-50.06h40.42V6.26S260.43 0 225.36 0c-73.22 0-121.08 44.38-121.08 124.72v70.62H22.89V288h81.39v224h100.17V288z\"><\/path><\/svg>\t\t\t\t\t<\/a>\n\t\t\t\t<\/span>\n\t\t\t\t\t<\/div>\n\t\t\t\t\t\t<\/div>\n\t\t\t\t<\/div>\n\t\t\t\t<\/div>\n\t\t\t\t<\/div>\n\t\t\t\t<\/div>\n\t\t\t\t<\/div>\n\t\t\t\t<\/div>\n\t\t","protected":false},"excerpt":{"rendered":"<p>Acerca de nosotros Inicio Acerca de nosotros Con experiencia. Dedicado. Orientado a los resultados. Nacido y criado en El Paso, Texas, Brian R. Rodriguez est\u00e1 profundamente comprometido a servir a su comunidad como profesional independiente en derecho de defensa criminal. Orgulloso graduado de Montwood High School en El Paso, Brian continu\u00f3 su educaci\u00f3n en la [&hellip;]<\/p>\n","protected":false},"author":1,"featured_media":0,"parent":0,"menu_order":0,"comment_status":"closed","ping_status":"closed","template":"elementor_header_footer","meta":{"iawp_total_views":0,"footnotes":""},"class_list":["post-689","page","type-page","status-publish","hentry"],"yoast_head":"<!-- This site is optimized with the Yoast SEO plugin v27.3 - https:\/\/yoast.com\/product\/yoast-seo-wordpress\/ -->\n<title>Acerca de - Your Lawyer Brian Rodriguez<\/title>\n<meta name=\"robots\" content=\"index, follow, max-snippet:-1, max-image-preview:large, max-video-preview:-1\" \/>\n<link rel=\"canonical\" href=\"https:\/\/yourlawyerbrian.com\/es\/acerca-de\/\" \/>\n<meta property=\"og:locale\" content=\"es_ES\" \/>\n<meta property=\"og:type\" content=\"article\" \/>\n<meta property=\"og:title\" content=\"Acerca de - Your Lawyer Brian Rodriguez\" \/>\n<meta property=\"og:description\" content=\"Acerca de nosotros Inicio Acerca de nosotros Con experiencia. Dedicado. Orientado a los resultados. Nacido y criado en El Paso, Texas, Brian R. Rodriguez est\u00e1 profundamente comprometido a servir a su comunidad como profesional independiente en derecho de defensa criminal. Orgulloso graduado de Montwood High School en El Paso, Brian continu\u00f3 su educaci\u00f3n en la [&hellip;]\" \/>\n<meta property=\"og:url\" content=\"https:\/\/yourlawyerbrian.com\/es\/acerca-de\/\" \/>\n<meta property=\"og:site_name\" content=\"Your Lawyer Brian Rodriguez\" \/>\n<meta property=\"article:publisher\" content=\"https:\/\/www.facebook.com\/yourlawyerbrian\" \/>\n<meta property=\"article:modified_time\" content=\"2025-09-05T21:04:42+00:00\" \/>\n<meta name=\"twitter:card\" content=\"summary_large_image\" \/>\n<meta name=\"twitter:label1\" content=\"Tiempo de lectura\" \/>\n\t<meta name=\"twitter:data1\" content=\"1 minuto\" \/>\n<script type=\"application\/ld+json\" class=\"yoast-schema-graph\">{\"@context\":\"https:\\\/\\\/schema.org\",\"@graph\":[{\"@type\":\"WebPage\",\"@id\":\"https:\\\/\\\/yourlawyerbrian.com\\\/es\\\/acerca-de\\\/\",\"url\":\"https:\\\/\\\/yourlawyerbrian.com\\\/es\\\/acerca-de\\\/\",\"name\":\"Acerca de - Your Lawyer Brian Rodriguez\",\"isPartOf\":{\"@id\":\"https:\\\/\\\/yourlawyerbrian.com\\\/#website\"},\"datePublished\":\"2025-03-09T18:00:47+00:00\",\"dateModified\":\"2025-09-05T21:04:42+00:00\",\"breadcrumb\":{\"@id\":\"https:\\\/\\\/yourlawyerbrian.com\\\/es\\\/acerca-de\\\/#breadcrumb\"},\"inLanguage\":\"es\",\"potentialAction\":[{\"@type\":\"ReadAction\",\"target\":[\"https:\\\/\\\/yourlawyerbrian.com\\\/es\\\/acerca-de\\\/\"]}]},{\"@type\":\"BreadcrumbList\",\"@id\":\"https:\\\/\\\/yourlawyerbrian.com\\\/es\\\/acerca-de\\\/#breadcrumb\",\"itemListElement\":[{\"@type\":\"ListItem\",\"position\":1,\"name\":\"Home\",\"item\":\"https:\\\/\\\/yourlawyerbrian.com\\\/es\\\/inicio\\\/\"},{\"@type\":\"ListItem\",\"position\":2,\"name\":\"Acerca de\"}]},{\"@type\":\"WebSite\",\"@id\":\"https:\\\/\\\/yourlawyerbrian.com\\\/#website\",\"url\":\"https:\\\/\\\/yourlawyerbrian.com\\\/\",\"name\":\"Your Lawyer Brian Rodriguez\",\"description\":\"Criminal Defense and Trucking Litigation Law\",\"potentialAction\":[{\"@type\":\"SearchAction\",\"target\":{\"@type\":\"EntryPoint\",\"urlTemplate\":\"https:\\\/\\\/yourlawyerbrian.com\\\/?s={search_term_string}\"},\"query-input\":{\"@type\":\"PropertyValueSpecification\",\"valueRequired\":true,\"valueName\":\"search_term_string\"}}],\"inLanguage\":\"es\"}]}<\/script>\n<!-- \/ Yoast SEO plugin. -->","yoast_head_json":{"title":"Acerca de - Your Lawyer Brian Rodriguez","robots":{"index":"index","follow":"follow","max-snippet":"max-snippet:-1","max-image-preview":"max-image-preview:large","max-video-preview":"max-video-preview:-1"},"canonical":"https:\/\/yourlawyerbrian.com\/es\/acerca-de\/","og_locale":"es_ES","og_type":"article","og_title":"Acerca de - Your Lawyer Brian Rodriguez","og_description":"Acerca de nosotros Inicio Acerca de nosotros Con experiencia. Dedicado. Orientado a los resultados. Nacido y criado en El Paso, Texas, Brian R. Rodriguez est\u00e1 profundamente comprometido a servir a su comunidad como profesional independiente en derecho de defensa criminal. Orgulloso graduado de Montwood High School en El Paso, Brian continu\u00f3 su educaci\u00f3n en la [&hellip;]","og_url":"https:\/\/yourlawyerbrian.com\/es\/acerca-de\/","og_site_name":"Your Lawyer Brian Rodriguez","article_publisher":"https:\/\/www.facebook.com\/yourlawyerbrian","article_modified_time":"2025-09-05T21:04:42+00:00","twitter_card":"summary_large_image","twitter_misc":{"Tiempo de lectura":"1 minuto"},"schema":{"@context":"https:\/\/schema.org","@graph":[{"@type":"WebPage","@id":"https:\/\/yourlawyerbrian.com\/es\/acerca-de\/","url":"https:\/\/yourlawyerbrian.com\/es\/acerca-de\/","name":"Acerca de - Your Lawyer Brian Rodriguez","isPartOf":{"@id":"https:\/\/yourlawyerbrian.com\/#website"},"datePublished":"2025-03-09T18:00:47+00:00","dateModified":"2025-09-05T21:04:42+00:00","breadcrumb":{"@id":"https:\/\/yourlawyerbrian.com\/es\/acerca-de\/#breadcrumb"},"inLanguage":"es","potentialAction":[{"@type":"ReadAction","target":["https:\/\/yourlawyerbrian.com\/es\/acerca-de\/"]}]},{"@type":"BreadcrumbList","@id":"https:\/\/yourlawyerbrian.com\/es\/acerca-de\/#breadcrumb","itemListElement":[{"@type":"ListItem","position":1,"name":"Home","item":"https:\/\/yourlawyerbrian.com\/es\/inicio\/"},{"@type":"ListItem","position":2,"name":"Acerca de"}]},{"@type":"WebSite","@id":"https:\/\/yourlawyerbrian.com\/#website","url":"https:\/\/yourlawyerbrian.com\/","name":"Your Lawyer Brian Rodriguez","description":"Criminal Defense and Trucking Litigation Law","potentialAction":[{"@type":"SearchAction","target":{"@type":"EntryPoint","urlTemplate":"https:\/\/yourlawyerbrian.com\/?s={search_term_string}"},"query-input":{"@type":"PropertyValueSpecification","valueRequired":true,"valueName":"search_term_string"}}],"inLanguage":"es"}]}},"_links":{"self":[{"href":"https:\/\/yourlawyerbrian.com\/es\/wp-json\/wp\/v2\/pages\/689","targetHints":{"allow":["GET"]}}],"collection":[{"href":"https:\/\/yourlawyerbrian.com\/es\/wp-json\/wp\/v2\/pages"}],"about":[{"href":"https:\/\/yourlawyerbrian.com\/es\/wp-json\/wp\/v2\/types\/page"}],"author":[{"embeddable":true,"href":"https:\/\/yourlawyerbrian.com\/es\/wp-json\/wp\/v2\/users\/1"}],"replies":[{"embeddable":true,"href":"https:\/\/yourlawyerbrian.com\/es\/wp-json\/wp\/v2\/comments?post=689"}],"version-history":[{"count":4,"href":"https:\/\/yourlawyerbrian.com\/es\/wp-json\/wp\/v2\/pages\/689\/revisions"}],"predecessor-version":[{"id":811,"href":"https:\/\/yourlawyerbrian.com\/es\/wp-json\/wp\/v2\/pages\/689\/revisions\/811"}],"wp:attachment":[{"href":"https:\/\/yourlawyerbrian.com\/es\/wp-json\/wp\/v2\/media?parent=689"}],"curies":[{"name":"wp","href":"https:\/\/api.w.org\/{rel}","templated":true}]}}