{"id":746,"date":"2025-03-09T18:00:27","date_gmt":"2025-03-09T18:00:27","guid":{"rendered":"https:\/\/yourlawyerbrian.com\/formacion-de-empresas\/"},"modified":"2025-09-04T14:56:20","modified_gmt":"2025-09-04T14:56:20","slug":"formacion-de-empresas","status":"publish","type":"page","link":"https:\/\/yourlawyerbrian.com\/es\/formacion-de-empresas\/","title":{"rendered":"Formaci\u00f3n de empresas"},"content":{"rendered":"\t\t<div data-elementor-type=\"wp-page\" data-elementor-id=\"746\" class=\"elementor elementor-746 elementor-248\" data-elementor-post-type=\"page\">\n\t\t\t\t<div class=\"elementor-element elementor-element-4b3c53f1 e-con-full e-flex e-con e-parent\" data-id=\"4b3c53f1\" data-element_type=\"container\" data-settings=\"{&quot;background_background&quot;:&quot;classic&quot;}\">\n\t\t<div class=\"elementor-element elementor-element-f865efa e-flex e-con-boxed e-con e-child\" data-id=\"f865efa\" data-element_type=\"container\">\n\t\t\t\t\t<div class=\"e-con-inner\">\n\t\t\t\t<div class=\"elementor-element elementor-element-476ea8 elementor-widget elementor-widget-heading\" data-id=\"476ea8\" data-element_type=\"widget\" data-widget_type=\"heading.default\">\n\t\t\t\t<div class=\"elementor-widget-container\">\n\t\t\t\t\t<h2 class=\"elementor-heading-title elementor-size-default\">Formaci\u00f3n de empresas<\/h2>\t\t\t\t<\/div>\n\t\t\t\t<\/div>\n\t\t\t\t\t<\/div>\n\t\t\t\t<\/div>\n\t\t<div class=\"elementor-element elementor-element-48149d51 e-con-full e-flex e-con e-child\" data-id=\"48149d51\" data-element_type=\"container\">\n\t\t\t\t<div class=\"elementor-element elementor-element-1bfb564d elementor-icon-list--layout-inline elementor-align-center elementor-list-item-link-full_width elementor-widget elementor-widget-icon-list\" data-id=\"1bfb564d\" data-element_type=\"widget\" data-widget_type=\"icon-list.default\">\n\t\t\t\t<div class=\"elementor-widget-container\">\n\t\t\t\t\t\t\t<ul class=\"elementor-icon-list-items elementor-inline-items\">\n\t\t\t\t\t\t\t<li class=\"elementor-icon-list-item elementor-inline-item\">\n\t\t\t\t\t\t\t\t\t\t\t<a href=\"#\">\n\n\t\t\t\t\t\t\t\t\t\t\t<span class=\"elementor-icon-list-text\">Inicio<\/span>\n\t\t\t\t\t\t\t\t\t\t\t<\/a>\n\t\t\t\t\t\t\t\t\t<\/li>\n\t\t\t\t\t\t\t\t<li class=\"elementor-icon-list-item elementor-inline-item\">\n\t\t\t\t\t\t\t\t\t\t\t<span class=\"elementor-icon-list-icon\">\n\t\t\t\t\t\t\t<i aria-hidden=\"true\" class=\"jki jki-right-arrow-7\"><\/i>\t\t\t\t\t\t<\/span>\n\t\t\t\t\t\t\t\t\t\t<span class=\"elementor-icon-list-text\"><\/span>\n\t\t\t\t\t\t\t\t\t<\/li>\n\t\t\t\t\t\t\t\t<li class=\"elementor-icon-list-item elementor-inline-item\">\n\t\t\t\t\t\t\t\t\t\t\t<a href=\"#\">\n\n\t\t\t\t\t\t\t\t\t\t\t<span class=\"elementor-icon-list-text\"><\/span>\n\t\t\t\t\t\t\t\t\t\t\t<\/a>\n\t\t\t\t\t\t\t\t\t<\/li>\n\t\t\t\t\t\t<\/ul>\n\t\t\t\t\t\t<\/div>\n\t\t\t\t<\/div>\n\t\t\t\t<\/div>\n\t\t\t\t<\/div>\n\t\t<div class=\"elementor-element elementor-element-3b0b73b4 e-flex e-con-boxed e-con e-parent\" data-id=\"3b0b73b4\" data-element_type=\"container\" data-settings=\"{&quot;background_background&quot;:&quot;classic&quot;}\">\n\t\t\t\t\t<div class=\"e-con-inner\">\n\t\t<div class=\"elementor-element elementor-element-21a1d5bb e-con-full e-flex e-con e-child\" data-id=\"21a1d5bb\" data-element_type=\"container\">\n\t\t\t\t<div class=\"elementor-element elementor-element-3d9d1074 elementor-widget elementor-widget-jkit_heading\" data-id=\"3d9d1074\" data-element_type=\"widget\" data-widget_type=\"jkit_heading.default\">\n\t\t\t\t<div class=\"elementor-widget-container\">\n\t\t\t\t\t<div  class=\"jeg-elementor-kit jkit-heading  align- align-tablet- align-mobile- jeg_module___69d098b050b09\" ><div class=\"heading-section-title border-enable start display-inline-block\"><h2 class=\"heading-title\">Business<\/h2><\/div><\/div>\t\t\t\t<\/div>\n\t\t\t\t<\/div>\n\t\t\t\t<div class=\"elementor-element elementor-element-662260fb elementor-widget__width-initial elementor-widget elementor-widget-heading\" data-id=\"662260fb\" data-element_type=\"widget\" data-widget_type=\"heading.default\">\n\t\t\t\t<div class=\"elementor-widget-container\">\n\t\t\t\t\t<h2 class=\"elementor-heading-title elementor-size-default\">Derecho Mercantil<\/h2>\t\t\t\t<\/div>\n\t\t\t\t<\/div>\n\t\t\t\t<div class=\"elementor-element elementor-element-42c2fa31 elementor-widget__width-initial elementor-widget elementor-widget-text-editor\" data-id=\"42c2fa31\" data-element_type=\"widget\" data-widget_type=\"text-editor.default\">\n\t\t\t\t<div class=\"elementor-widget-container\">\n\t\t\t\t\t\t\t\t\t<p><span style=\"font-weight: 400;\">Tanto si est\u00e1s iniciando un nuevo negocio, como si te enfrentas a disputas legales o necesitas redactar contratos, el abogado Rodr\u00edguez te ofrece un asesoramiento jur\u00eddico fiable y adaptado a las necesidades de tu empresa.<\/span><\/p>\t\t\t\t\t\t\t\t<\/div>\n\t\t\t\t<\/div>\n\t\t\t\t<div class=\"elementor-element elementor-element-eece375 elementor-widget__width-initial elementor-widget elementor-widget-text-editor\" data-id=\"eece375\" data-element_type=\"widget\" data-widget_type=\"text-editor.default\">\n\t\t\t\t<div class=\"elementor-widget-container\">\n\t\t\t\t\t\t\t\t\t<h4><b>Servicios empresariales ofrecidos:<\/b><\/h4>\t\t\t\t\t\t\t\t<\/div>\n\t\t\t\t<\/div>\n\t\t\t\t<div class=\"elementor-element elementor-element-e0146f6 elementor-widget__width-initial elementor-widget elementor-widget-text-editor\" data-id=\"e0146f6\" data-element_type=\"widget\" data-widget_type=\"text-editor.default\">\n\t\t\t\t<div class=\"elementor-widget-container\">\n\t\t\t\t\t\t\t\t\t<ul><li style=\"font-weight: 400;\" aria-level=\"1\"><b>Formaci\u00f3n y estructuraci\u00f3n de empresas<\/b><span style=\"font-weight: 400;\"> &#8211; Sociedades de responsabilidad limitada, sociedades an\u00f3nimas, sociedades colectivas y otras entidades empresariales.<\/span><\/li><li style=\"font-weight: 400;\" aria-level=\"1\"><b>Derecho contractual<\/b><span style=\"font-weight: 400;\"> &#8211; Redacci\u00f3n, revisi\u00f3n y negociaci\u00f3n de contratos para proteger tus intereses.<\/span><\/li><li style=\"font-weight: 400;\" aria-level=\"1\"><b>Litigios y resoluci\u00f3n de conflictos<\/b><span style=\"font-weight: 400;\"> &#8211; Representaci\u00f3n en litigios comerciales, casos de incumplimiento de contrato y otros asuntos jur\u00eddicos relacionados con la empresa.<\/span><\/li><li style=\"font-weight: 400;\" aria-level=\"1\"><b>Cumplimiento de la legislaci\u00f3n laboral<\/b><span style=\"font-weight: 400;\"> &#8211; Orientaci\u00f3n sobre leyes laborales, contratos de empleados y pol\u00edticas en el lugar de trabajo.<\/span><\/li><li><b>Cumplimiento normativo<\/b><span style=\"font-weight: 400;\"> &#8211; Garantizar que las empresas cumplen los requisitos legales estatales y federales de Texas.<\/span><\/li><\/ul>\t\t\t\t\t\t\t\t<\/div>\n\t\t\t\t<\/div>\n\t\t\t\t<\/div>\n\t\t\t\t\t<\/div>\n\t\t\t\t<\/div>\n\t\t\t\t<\/div>\n\t\t","protected":false},"excerpt":{"rendered":"<p>Formaci\u00f3n de empresas Inicio Business Derecho Mercantil Tanto si est\u00e1s iniciando un nuevo negocio, como si te enfrentas a disputas legales o necesitas redactar contratos, el abogado Rodr\u00edguez te ofrece un asesoramiento jur\u00eddico fiable y adaptado a las necesidades de tu empresa. Servicios empresariales ofrecidos: Formaci\u00f3n y estructuraci\u00f3n de empresas &#8211; Sociedades de responsabilidad limitada, [&hellip;]<\/p>\n","protected":false},"author":1,"featured_media":0,"parent":0,"menu_order":0,"comment_status":"closed","ping_status":"closed","template":"elementor_header_footer","meta":{"footnotes":""},"class_list":["post-746","page","type-page","status-publish","hentry"],"_links":{"self":[{"href":"https:\/\/yourlawyerbrian.com\/es\/wp-json\/wp\/v2\/pages\/746","targetHints":{"allow":["GET"]}}],"collection":[{"href":"https:\/\/yourlawyerbrian.com\/es\/wp-json\/wp\/v2\/pages"}],"about":[{"href":"https:\/\/yourlawyerbrian.com\/es\/wp-json\/wp\/v2\/types\/page"}],"author":[{"embeddable":true,"href":"https:\/\/yourlawyerbrian.com\/es\/wp-json\/wp\/v2\/users\/1"}],"replies":[{"embeddable":true,"href":"https:\/\/yourlawyerbrian.com\/es\/wp-json\/wp\/v2\/comments?post=746"}],"version-history":[{"count":2,"href":"https:\/\/yourlawyerbrian.com\/es\/wp-json\/wp\/v2\/pages\/746\/revisions"}],"predecessor-version":[{"id":748,"href":"https:\/\/yourlawyerbrian.com\/es\/wp-json\/wp\/v2\/pages\/746\/revisions\/748"}],"wp:attachment":[{"href":"https:\/\/yourlawyerbrian.com\/es\/wp-json\/wp\/v2\/media?parent=746"}],"curies":[{"name":"wp","href":"https:\/\/api.w.org\/{rel}","templated":true}]}}