{"id":749,"date":"2025-03-08T20:25:15","date_gmt":"2025-03-08T20:25:15","guid":{"rendered":"https:\/\/yourlawyerbrian.com\/defensa-penal\/"},"modified":"2025-09-04T20:51:08","modified_gmt":"2025-09-04T20:51:08","slug":"defensa-penal","status":"publish","type":"page","link":"https:\/\/yourlawyerbrian.com\/es\/defensa-penal\/","title":{"rendered":"Defensa Penal"},"content":{"rendered":"\t\t<div data-elementor-type=\"wp-page\" data-elementor-id=\"749\" class=\"elementor elementor-749 elementor-228\" data-elementor-post-type=\"page\">\n\t\t\t\t<div class=\"elementor-element elementor-element-7a63b372 e-con-full e-flex e-con e-parent\" data-id=\"7a63b372\" data-element_type=\"container\" data-settings=\"{&quot;background_background&quot;:&quot;classic&quot;}\">\n\t\t<div class=\"elementor-element elementor-element-5eedb49c e-flex e-con-boxed e-con e-child\" data-id=\"5eedb49c\" data-element_type=\"container\">\n\t\t\t\t\t<div class=\"e-con-inner\">\n\t\t\t\t<div class=\"elementor-element elementor-element-7dba7734 elementor-widget elementor-widget-heading\" data-id=\"7dba7734\" data-element_type=\"widget\" data-widget_type=\"heading.default\">\n\t\t\t\t<div class=\"elementor-widget-container\">\n\t\t\t\t\t<h2 class=\"elementor-heading-title elementor-size-default\">Defensa Penal<\/h2>\t\t\t\t<\/div>\n\t\t\t\t<\/div>\n\t\t\t\t\t<\/div>\n\t\t\t\t<\/div>\n\t\t<div class=\"elementor-element elementor-element-4d43ac21 e-con-full e-flex e-con e-child\" data-id=\"4d43ac21\" data-element_type=\"container\">\n\t\t\t\t<div class=\"elementor-element elementor-element-386abb9 elementor-icon-list--layout-inline elementor-align-center elementor-list-item-link-full_width elementor-widget elementor-widget-icon-list\" data-id=\"386abb9\" data-element_type=\"widget\" data-widget_type=\"icon-list.default\">\n\t\t\t\t<div class=\"elementor-widget-container\">\n\t\t\t\t\t\t\t<ul class=\"elementor-icon-list-items elementor-inline-items\">\n\t\t\t\t\t\t\t<li class=\"elementor-icon-list-item elementor-inline-item\">\n\t\t\t\t\t\t\t\t\t\t\t<a href=\"#\">\n\n\t\t\t\t\t\t\t\t\t\t\t<span class=\"elementor-icon-list-text\">Inicio<\/span>\n\t\t\t\t\t\t\t\t\t\t\t<\/a>\n\t\t\t\t\t\t\t\t\t<\/li>\n\t\t\t\t\t\t\t\t<li class=\"elementor-icon-list-item elementor-inline-item\">\n\t\t\t\t\t\t\t\t\t\t\t<span class=\"elementor-icon-list-icon\">\n\t\t\t\t\t\t\t<i aria-hidden=\"true\" class=\"jki jki-right-arrow-7\"><\/i>\t\t\t\t\t\t<\/span>\n\t\t\t\t\t\t\t\t\t\t<span class=\"elementor-icon-list-text\"><\/span>\n\t\t\t\t\t\t\t\t\t<\/li>\n\t\t\t\t\t\t\t\t<li class=\"elementor-icon-list-item elementor-inline-item\">\n\t\t\t\t\t\t\t\t\t\t\t<a href=\"#\">\n\n\t\t\t\t\t\t\t\t\t\t\t<span class=\"elementor-icon-list-text\"><\/span>\n\t\t\t\t\t\t\t\t\t\t\t<\/a>\n\t\t\t\t\t\t\t\t\t<\/li>\n\t\t\t\t\t\t<\/ul>\n\t\t\t\t\t\t<\/div>\n\t\t\t\t<\/div>\n\t\t\t\t<\/div>\n\t\t\t\t<\/div>\n\t\t<div class=\"elementor-element elementor-element-2a5c8022 e-flex e-con-boxed e-con e-parent\" data-id=\"2a5c8022\" data-element_type=\"container\" data-settings=\"{&quot;background_background&quot;:&quot;classic&quot;}\">\n\t\t\t\t\t<div class=\"e-con-inner\">\n\t\t<div class=\"elementor-element elementor-element-3157ed7b e-con-full e-flex e-con e-child\" data-id=\"3157ed7b\" data-element_type=\"container\">\n\t\t\t\t<div class=\"elementor-element elementor-element-47ba8fbf elementor-widget elementor-widget-jkit_heading\" data-id=\"47ba8fbf\" data-element_type=\"widget\" data-widget_type=\"jkit_heading.default\">\n\t\t\t\t<div class=\"elementor-widget-container\">\n\t\t\t\t\t<div  class=\"jeg-elementor-kit jkit-heading  align- align-tablet- align-mobile- jeg_module___69d0b1face738\" ><div class=\"heading-section-title border-enable start display-inline-block\"><h2 class=\"heading-title\">Penal<\/h2><\/div><\/div>\t\t\t\t<\/div>\n\t\t\t\t<\/div>\n\t\t\t\t<div class=\"elementor-element elementor-element-5bcc842 elementor-widget__width-initial elementor-widget elementor-widget-heading\" data-id=\"5bcc842\" data-element_type=\"widget\" data-widget_type=\"heading.default\">\n\t\t\t\t<div class=\"elementor-widget-container\">\n\t\t\t\t\t<h2 class=\"elementor-heading-title elementor-size-default\">Defensa Penal<\/h2>\t\t\t\t<\/div>\n\t\t\t\t<\/div>\n\t\t\t\t<div class=\"elementor-element elementor-element-8893308 elementor-widget__width-initial elementor-widget elementor-widget-text-editor\" data-id=\"8893308\" data-element_type=\"widget\" data-widget_type=\"text-editor.default\">\n\t\t\t\t<div class=\"elementor-widget-container\">\n\t\t\t\t\t\t\t\t\t<p><span style=\"font-weight: 400;\">Ser acusado de un delito puede ser abrumador, pero no tienes por qu\u00e9 afrontarlo solo. Brian R. Rodr\u00edguez es un experimentado abogado litigante que defiende agresivamente a los clientes que se enfrentan a cargos penales, garantizando la protecci\u00f3n de sus derechos. <\/span><\/p>\t\t\t\t\t\t\t\t<\/div>\n\t\t\t\t<\/div>\n\t\t\t\t<div class=\"elementor-element elementor-element-c2163eb elementor-widget__width-initial elementor-widget elementor-widget-text-editor\" data-id=\"c2163eb\" data-element_type=\"widget\" data-widget_type=\"text-editor.default\">\n\t\t\t\t<div class=\"elementor-widget-container\">\n\t\t\t\t\t\t\t\t\t<h4><b>Tipos de casos tratados:<\/b><\/h4>\t\t\t\t\t\t\t\t<\/div>\n\t\t\t\t<\/div>\n\t\t\t\t<div class=\"elementor-element elementor-element-6fe36bf elementor-widget__width-initial elementor-widget elementor-widget-text-editor\" data-id=\"6fe36bf\" data-element_type=\"widget\" data-widget_type=\"text-editor.default\">\n\t\t\t\t<div class=\"elementor-widget-container\">\n\t\t\t\t\t\t\t\t\t<ul><li style=\"font-weight: 400;\" aria-level=\"1\"><b>Delitos graves y menores<\/b><span style=\"font-weight: 400;\"> &#8211; Defensa para todo tipo de cargos penales, incluyendo delitos violentos, robo, delitos de drogas, DWI y m\u00e1s.<\/span><\/li><li style=\"font-weight: 400;\" aria-level=\"1\"><span style=\"font-weight: 400;\"><strong>Casos <\/strong> de Violencia Familiar por Agresi\u00f3n &#8211; Delito Menor de Agresi\u00f3n de Clase B, Agresi\u00f3n con Condena Previa y Violencia Familiar por Agresi\u00f3n Continuada.  <\/span><\/li><li style=\"font-weight: 400;\" aria-level=\"1\"><b>Cargos por drogas<\/b><span style=\"font-weight: 400;\"> &#8211; Defensa contra Posesi\u00f3n de Sustancias Controladas, Posesi\u00f3n de Marihuana, Fabricaci\u00f3n y Entrega de Sustancias Controladas<\/span><\/li><li style=\"font-weight: 400;\" aria-level=\"1\"><b>Defensa DWI<\/b><span style=\"font-weight: 400;\"> &#8211; Representaci\u00f3n de personas que se enfrentan a delitos de DWI, DWI en segundo lugar, DWI en tercer lugar o m\u00e1s, y DWI con un ni\u00f1o de pasajero.<\/span><\/li><li style=\"font-weight: 400;\" aria-level=\"1\"><b>Agresi\u00f3n y Delitos Violentos<\/b><span style=\"font-weight: 400;\"> &#8211; Incluyendo, entre otros, Agresi\u00f3n con Agravante de Arma Mortal, Agresi\u00f3n con Agravante de Lesiones Corporales Graves y Agresi\u00f3n por Intoxicaci\u00f3n.<\/span><\/li><li style=\"font-weight: 400;\" aria-level=\"1\"><span style=\"font-weight: 400;\"><strong>Delitos Sexuales<\/strong> &#8211; Agresi\u00f3n Sexual con Agravantes, Agresi\u00f3n Sexual, Agresi\u00f3n Sexual con Agravantes a un Menor, Indecencia con un Menor por Contacto o Exposici\u00f3n, Lascivia P\u00fablica y Exposici\u00f3n Indecente.<\/span><\/li><li style=\"font-weight: 400;\" aria-level=\"1\"><span style=\"font-weight: 400;\"><strong>Homicidio<\/strong> &#8211; Asesinato, homicidio involuntario y homicidio por intoxicaci\u00f3n<\/span><\/li><li style=\"font-weight: 400;\" aria-level=\"1\"><b>Delitos de cuello blanco<\/b><span style=\"font-weight: 400;\"> &#8211; Representaci\u00f3n en casos de fraude, malversaci\u00f3n y delitos financieros.<\/span><\/li><li style=\"font-weight: 400;\" aria-level=\"1\"><b>Cancelaci\u00f3n y sellado de antecedentes<\/b><span style=\"font-weight: 400;\"> &#8211; Ayudamos a las personas que cumplen los requisitos a borrar sus antecedentes penales.<\/span><\/li><\/ul>\t\t\t\t\t\t\t\t<\/div>\n\t\t\t\t<\/div>\n\t\t\t\t<\/div>\n\t\t\t\t\t<\/div>\n\t\t\t\t<\/div>\n\t\t\t\t<\/div>\n\t\t","protected":false},"excerpt":{"rendered":"<p>Defensa Penal Inicio Penal Defensa Penal Ser acusado de un delito puede ser abrumador, pero no tienes por qu\u00e9 afrontarlo solo. Brian R. Rodr\u00edguez es un experimentado abogado litigante que defiende agresivamente a los clientes que se enfrentan a cargos penales, garantizando la protecci\u00f3n de sus derechos. Tipos de casos tratados: Delitos graves y menores [&hellip;]<\/p>\n","protected":false},"author":1,"featured_media":0,"parent":0,"menu_order":0,"comment_status":"closed","ping_status":"closed","template":"elementor_header_footer","meta":{"footnotes":""},"class_list":["post-749","page","type-page","status-publish","hentry"],"_links":{"self":[{"href":"https:\/\/yourlawyerbrian.com\/es\/wp-json\/wp\/v2\/pages\/749","targetHints":{"allow":["GET"]}}],"collection":[{"href":"https:\/\/yourlawyerbrian.com\/es\/wp-json\/wp\/v2\/pages"}],"about":[{"href":"https:\/\/yourlawyerbrian.com\/es\/wp-json\/wp\/v2\/types\/page"}],"author":[{"embeddable":true,"href":"https:\/\/yourlawyerbrian.com\/es\/wp-json\/wp\/v2\/users\/1"}],"replies":[{"embeddable":true,"href":"https:\/\/yourlawyerbrian.com\/es\/wp-json\/wp\/v2\/comments?post=749"}],"version-history":[{"count":3,"href":"https:\/\/yourlawyerbrian.com\/es\/wp-json\/wp\/v2\/pages\/749\/revisions"}],"predecessor-version":[{"id":765,"href":"https:\/\/yourlawyerbrian.com\/es\/wp-json\/wp\/v2\/pages\/749\/revisions\/765"}],"wp:attachment":[{"href":"https:\/\/yourlawyerbrian.com\/es\/wp-json\/wp\/v2\/media?parent=749"}],"curies":[{"name":"wp","href":"https:\/\/api.w.org\/{rel}","templated":true}]}}